{"id":4190,"date":"2025-05-22T18:30:50","date_gmt":"2025-05-22T16:30:50","guid":{"rendered":"https:\/\/professional.lunter.com\/products\/natural-tofu-1000\/"},"modified":"2025-05-22T18:35:41","modified_gmt":"2025-05-22T16:35:41","slug":"natural-tofu-1000","status":"publish","type":"product","link":"https:\/\/professional.lunter.com\/cz\/produkty\/natural-tofu-1000\/","title":{"rendered":"NATUR\u00c1LN\u00cd TOFU"},"content":{"rendered":"<p>Za\u010d\u00edn\u00e1te s tofu a hled\u00e1te ide\u00e1ln\u00ed produkt pro sv\u00e9 prvn\u00ed recepty? Lunter Tofu Natural je vynikaj\u00edc\u00ed volbou. M\u00e1 \u010dist\u00e9 slo\u017een\u00ed bez p\u0159idan\u00fdch l\u00e1tek a neutr\u00e1ln\u00ed chu\u0165, d\u00edky \u010demu\u017e se snadno kombinuje s r\u016fzn\u00fdmi ingrediencemi. M\u016f\u017eete ho pou\u017e\u00edt jak ve slan\u00fdch, tak ve sladk\u00fdch receptech &#8211; na marinov\u00e1n\u00ed, grilov\u00e1n\u00ed nebo dokonce do kol\u00e1\u010d\u016f. Je bohat\u00e9 na rostlinn\u00e9 b\u00edlkoviny, lehce straviteln\u00e9 a p\u0159ipraven\u00e9 k okam\u017eit\u00e9mu pou\u017eit\u00ed. P\u0159\u00edrodn\u00ed tofu je spolehliv\u00fdm z\u00e1kladem pro jak\u00e9koli kreativn\u00ed va\u0159en\u00ed.<\/p>\n","protected":false},"featured_media":3805,"template":"","product_type":[252],"class_list":["post-4190","product","type-product","status-publish","has-post-thumbnail","hentry","product_type-tofu-cz"],"acf":{"product_show_in_compact":"1","product_tagline":"Klasika, kterou si zamiluje ka\u017ed\u00fd","products_weight":"1000g","product_ornament_type":"cube","product_ornament_color":"#EAA155","protein_amount":"","product_certificates":["ifs_food","brc","v_label_vegan","donau_soja"],"product_details":{"ingredients":"57 % s\u00f3jov\u00e9 boby, voda","packaging_image":4146,"nutritional_values":"<table class=\"nutritional-table\"><tbody><tr><th colspan=\"2\">V\u00fd\u017eivov\u00e9 \u00fadaje na 100 g:<\/th><\/tr><tr><td>Energia<\/td><td>608 kJ\/ 146 kcal<\/td><\/tr><tr><td>Tuky<\/td><td>8,5 g<\/td><\/tr><tr><td>- z toho nas\u00fdten\u00e9 mastn\u00e9 kyseliny<\/td><td>1,3 g<\/td><\/tr><tr><td>Sacharidy<\/td><td>1,8 g<\/td><\/tr><tr><td>- z toho cukry<\/td><td>0,5 g<\/td><\/tr><tr><td>Vl\u00e1knina<\/td><td>1,0 g<\/td><\/tr><tr><td>Bielkoviny<\/td><td>15 g<\/td><\/tr><tr><td>So\u013e<\/td><td>0,03 g<\/td><\/tr><\/tbody><\/table>"},"product_benefits":{"benefit_image":3607,"benefit_1":"Tradi\u010dn\u00ed zp\u016fsob v\u00fdroby","benefit_2":"Vyrobeno na Slovensku","benefit_3":"Popus\u0165te uzdu sv\u00e9 kreativit\u011b","benefit_4":"\u010cist\u00e9 a kvalitn\u00ed ingredience"}},"_links":{"self":[{"href":"https:\/\/professional.lunter.com\/cz\/wp-json\/wp\/v2\/product\/4190","targetHints":{"allow":["GET"]}}],"collection":[{"href":"https:\/\/professional.lunter.com\/cz\/wp-json\/wp\/v2\/product"}],"about":[{"href":"https:\/\/professional.lunter.com\/cz\/wp-json\/wp\/v2\/types\/product"}],"wp:featuredmedia":[{"embeddable":true,"href":"https:\/\/professional.lunter.com\/cz\/wp-json\/wp\/v2\/media\/3805"}],"wp:attachment":[{"href":"https:\/\/professional.lunter.com\/cz\/wp-json\/wp\/v2\/media?parent=4190"}],"wp:term":[{"taxonomy":"product_type","embeddable":true,"href":"https:\/\/professional.lunter.com\/cz\/wp-json\/wp\/v2\/product_type?post=4190"}],"curies":[{"name":"wp","href":"https:\/\/api.w.org\/{rel}","templated":true}]}}