{"id":4191,"date":"2025-05-22T18:30:50","date_gmt":"2025-05-22T16:30:50","guid":{"rendered":"https:\/\/professional.lunter.com\/products\/smoked-tofu-1000\/"},"modified":"2025-05-22T18:35:41","modified_gmt":"2025-05-22T16:35:41","slug":"smoked-tofu-1000","status":"publish","type":"product","link":"https:\/\/professional.lunter.com\/cz\/produkty\/smoked-tofu-1000\/","title":{"rendered":"UZEN\u00c9 TOFU"},"content":{"rendered":"<p>Hled\u00e1te v\u00fdraznou uzenou chu\u0165 bez um\u011bl\u00fdch p\u0159\u00edsad? Lunter tofu uzen\u00e9 je tou spr\u00e1vnou volbou. Je poctiv\u011b vyuzen\u00e9 na bukov\u00e9m d\u0159ev\u011b a bez kompromis\u016f. D\u00edky sv\u00e9 univerz\u00e1lnosti je vhodn\u00e9 pro za\u010d\u00e1te\u010dn\u00edky i zku\u0161en\u00e9 kucha\u0159e. M\u016f\u017eete ho pou\u017e\u00edvat v tepl\u00e9 i studen\u00e9 kuchyni. Snadno se p\u0159ipravuje a nab\u00edz\u00ed \u0161irokou \u0161k\u00e1lu pou\u017eit\u00ed: nakr\u00e1jen\u00e9 na pl\u00e1tky do sendvi\u010de, natrhan\u00e9 do kari, nadroben\u00e9 do zeleninov\u00e9ho \u201echilli sin carne\u201c nebo obalen\u00e9 a usma\u017een\u00e9 na zp\u016fsob \u0159\u00edzk\u016f. Je p\u0159irozen\u011b bohat\u00e9 na rostlinn\u00e9 b\u00edlkoviny, neobsahuje cholesterol a je stoprocentn\u011b rostlinn\u00e9. Praktick\u00e9 \u0159e\u0161en\u00ed pro ka\u017edodenn\u00ed va\u0159en\u00ed s plnou chut\u00ed.<\/p>\n","protected":false},"featured_media":3810,"template":"","product_type":[252],"class_list":["post-4191","product","type-product","status-publish","has-post-thumbnail","hentry","product_type-tofu-cz"],"acf":{"product_show_in_compact":"1","product_tagline":"Poctiv\u011b uzen\u00e9 na bukov\u00e9m d\u0159ev\u011b","products_weight":"1000g","product_ornament_type":"cube","product_ornament_color":"#A77361","protein_amount":"","product_certificates":["ifs_food","brc","v_label_vegan","donau_soja"],"product_details":{"ingredients":"57 % s\u00f3jov\u00e9 boby, voda, s\u016fl; kou\u0159 z bukov\u00e9ho d\u0159eva","packaging_image":4156,"nutritional_values":"<table class=\"nutritional-table\"><tbody><tr><th colspan=\"2\">V\u00fd\u017eivov\u00e9 \u00fadaje na 100 g:<\/th><\/tr><tr><td>Energia<\/td><td>610 kJ\/ 146 kcal<\/td><\/tr><tr><td>Tuky<\/td><td>8,5 g<\/td><\/tr><tr><td>- z toho nas\u00fdten\u00e9 mastn\u00e9 kyseliny<\/td><td>1,3 g<\/td><\/tr><tr><td>Sacharidy<\/td><td>1,9 g<\/td><\/tr><tr><td>- z toho cukry<\/td><td>0,5 g<\/td><\/tr><tr><td>Vl\u00e1knina<\/td><td>1,0 g<\/td><\/tr><tr><td>Bielkoviny<\/td><td>15 g<\/td><\/tr><tr><td>So\u013e<\/td><td>0,90 g<\/td><\/tr><\/tbody><\/table>"},"product_benefits":{"benefit_image":3612,"benefit_1":"Tradi\u010dn\u00ed zp\u016fsob v\u00fdroby","benefit_2":"Vyrobeno na Slovensku","benefit_3":"Popus\u0165te uzdu sv\u00e9 kreativit\u011b","benefit_4":"\u010cist\u00e9 a kvalitn\u00ed ingredience"}},"_links":{"self":[{"href":"https:\/\/professional.lunter.com\/cz\/wp-json\/wp\/v2\/product\/4191","targetHints":{"allow":["GET"]}}],"collection":[{"href":"https:\/\/professional.lunter.com\/cz\/wp-json\/wp\/v2\/product"}],"about":[{"href":"https:\/\/professional.lunter.com\/cz\/wp-json\/wp\/v2\/types\/product"}],"wp:featuredmedia":[{"embeddable":true,"href":"https:\/\/professional.lunter.com\/cz\/wp-json\/wp\/v2\/media\/3810"}],"wp:attachment":[{"href":"https:\/\/professional.lunter.com\/cz\/wp-json\/wp\/v2\/media?parent=4191"}],"wp:term":[{"taxonomy":"product_type","embeddable":true,"href":"https:\/\/professional.lunter.com\/cz\/wp-json\/wp\/v2\/product_type?post=4191"}],"curies":[{"name":"wp","href":"https:\/\/api.w.org\/{rel}","templated":true}]}}