{"id":4192,"date":"2025-05-22T18:30:50","date_gmt":"2025-05-22T16:30:50","guid":{"rendered":"https:\/\/professional.lunter.com\/products\/marinated-tofu-soy-sauce-1000\/"},"modified":"2025-05-22T18:35:41","modified_gmt":"2025-05-22T16:35:41","slug":"marinated-tofu-soy-sauce-1000","status":"publish","type":"product","link":"https:\/\/professional.lunter.com\/cz\/produkty\/marinated-tofu-soy-sauce-1000\/","title":{"rendered":"TOFU MARINOVAN\u00c9 V S\u00d3JOV\u00c9 OM\u00c1\u010cCE"},"content":{"rendered":"<p>Nem\u00e1te \u010das na dlouh\u00e9 marinov\u00e1n\u00ed, ale nechcete slevit z chuti? Toto tofu je pe\u010dliv\u011b marinovan\u00e9 a pe\u010den\u00e9 ve vysoce kvalitn\u00ed s\u00f3jov\u00e9 om\u00e1\u010dce, kter\u00e1 mu dod\u00e1v\u00e1 v\u00fdraznou, vyv\u00e1\u017eenou chu\u0165 s lehce slan\u00fdm a umami profilem. Vhodn\u00e9 pro p\u0159\u00edpravu asijsk\u00fdch i tradi\u010dn\u00edch pokrm\u016f &#8211; sta\u010d\u00ed sma\u017eit na p\u00e1nvi, p\u00e9ct v troub\u011b nebo grilovat. Za p\u00e1r minut m\u00e1te hotov\u00fd zeleninov\u00fd pokrm pln\u00e9 chuti. M\u00e1 vysok\u00fd obsah b\u00edlkovin, neobsahuje cholesterol a je 100% rostlinn\u00e9ho p\u016fvodu. Praktick\u00e9 \u0159e\u0161en\u00ed pro rychl\u00e9, chutn\u00e9 a v\u00fd\u017eivn\u00e9 va\u0159en\u00ed.<\/p>\n","protected":false},"featured_media":3815,"template":"","product_type":[252],"class_list":["post-4192","product","type-product","status-publish","has-post-thumbnail","hentry","product_type-tofu-cz"],"acf":{"product_show_in_compact":"1","product_tagline":"Autentick\u00e1 chu\u0165 v ka\u017ed\u00e9m soustu","products_weight":"1000g","product_ornament_type":"splash","product_ornament_color":"#AB6E86","protein_amount":"","product_certificates":["ifs_food","brc","v_label_vegan","donau_soja"],"product_details":{"ingredients":"92 % tofu (57 % s\u00f3jov\u00e9 boby, voda), 8 % marin\u00e1da (voda, fermentovan\u00e9 s\u00f3jov\u00e9 boby, fermentovan\u00e1 p\u0161enice \u2013 bez lepku, s\u016fl, cibule, \u0159epkov\u00fd olej, 1 % \u010desnek, ko\u0159en\u00ed, byliny)","packaging_image":4131,"nutritional_values":"<table class=\"nutritional-table\"><tbody><tr><th colspan=\"2\">V\u00fd\u017eivov\u00e9 \u00fadaje na 100 g:<\/th><\/tr><tr><td>Energia<\/td><td>573 kJ\/ 137 kcal<\/td><\/tr><tr><td>Tuky<\/td><td>8,0 g<\/td><\/tr><tr><td>- z toho nas\u00fdten\u00e9 mastn\u00e9 kyseliny<\/td><td>1,0 g<\/td><\/tr><tr><td>Sacharidy<\/td><td>1,8 g<\/td><\/tr><tr><td>- z toho cukry<\/td><td><0,5 g<\/td><\/tr><tr><td>Vl\u00e1knina<\/td><td>1,0 g<\/td><\/tr><tr><td>Bielkoviny<\/td><td>14 g<\/td><\/tr><tr><td>So\u013e<\/td><td>1,0 g<\/td><\/tr><\/tbody><\/table>"},"product_benefits":{"benefit_image":3592,"benefit_1":"Dokonale vyv\u00e1\u017een\u00e1 chu\u0165","benefit_2":"Vyrobeno s l\u00e1skou","benefit_3":"P\u0159ipraven\u00e9 b\u011bhem n\u011bkolika minut","benefit_4":"Op\u00e9k\u00e1n\u00ed, grilov\u00e1n\u00ed, pe\u010den\u00ed"}},"_links":{"self":[{"href":"https:\/\/professional.lunter.com\/cz\/wp-json\/wp\/v2\/product\/4192","targetHints":{"allow":["GET"]}}],"collection":[{"href":"https:\/\/professional.lunter.com\/cz\/wp-json\/wp\/v2\/product"}],"about":[{"href":"https:\/\/professional.lunter.com\/cz\/wp-json\/wp\/v2\/types\/product"}],"wp:featuredmedia":[{"embeddable":true,"href":"https:\/\/professional.lunter.com\/cz\/wp-json\/wp\/v2\/media\/3815"}],"wp:attachment":[{"href":"https:\/\/professional.lunter.com\/cz\/wp-json\/wp\/v2\/media?parent=4192"}],"wp:term":[{"taxonomy":"product_type","embeddable":true,"href":"https:\/\/professional.lunter.com\/cz\/wp-json\/wp\/v2\/product_type?post=4192"}],"curies":[{"name":"wp","href":"https:\/\/api.w.org\/{rel}","templated":true}]}}