{"id":4194,"date":"2025-05-22T18:30:50","date_gmt":"2025-05-22T16:30:50","guid":{"rendered":"https:\/\/professional.lunter.com\/products\/marinated-tofu-teriyaki-1000\/"},"modified":"2025-05-22T18:35:41","modified_gmt":"2025-05-22T16:35:41","slug":"marinated-tofu-teriyaki-1000","status":"publish","type":"product","link":"https:\/\/professional.lunter.com\/cz\/produkty\/marinated-tofu-teriyaki-1000\/","title":{"rendered":"TOFU MARINOVAN\u00c9 V TERIYAKI OM\u00c1\u010cCE"},"content":{"rendered":"<p>Lunter Tofu Teriyaki je inspirov\u00e1no tradi\u010dn\u00ed japonskou kuchyn\u00ed a marinov\u00e1no v jemn\u011b sladk\u00e9 a slan\u00e9 om\u00e1\u010dce teriyaki. Tato harmonicky vyv\u00e1\u017een\u00e1 chu\u0165 dod\u00e1v\u00e1 autentick\u00fd n\u00e1dech pokrm\u016fm, jako jsou sma\u017een\u00e1 j\u00eddla, r\u00fd\u017eov\u00e9 m\u00edsy nebo pokrmy z p\u00e1nve wok. Hod\u00ed se tak\u00e9 ke grilov\u00e1n\u00ed nebo rychl\u00e9mu op\u00e9k\u00e1n\u00ed na p\u00e1nvi. Tofu je 100% rostlinn\u00e9ho p\u016fvodu, neobsahuje cholesterol, je bohat\u00e9 na rostlinn\u00e9 b\u00edlkoviny a vyr\u00e1b\u00ed se z geneticky nemodifikovan\u00fdch evropsk\u00fdch s\u00f3jov\u00fdch bob\u016f. Spojuje v sob\u011b chu\u0165, kvalitu a inspiraci japonsk\u00e9 kuchyn\u011b a je ide\u00e1ln\u00edm \u0159e\u0161en\u00edm pro rychl\u00e9 a v\u00fd\u017eivn\u00e9 va\u0159en\u00ed bez kompromis\u016f.<\/p>\n","protected":false},"featured_media":3825,"template":"","product_type":[252],"class_list":["post-4194","product","type-product","status-publish","has-post-thumbnail","hentry","product_type-tofu-cz"],"acf":{"product_show_in_compact":"1","product_tagline":"Autentick\u00e1 chu\u0165 v ka\u017ed\u00e9m soustu","products_weight":"1000g","product_ornament_type":"splash","product_ornament_color":"#8378B4","protein_amount":"","product_certificates":["ifs_food","brc","v_label_vegan","donau_soja"],"product_details":{"ingredients":"88 % tofu (57 % s\u00f3jov\u00e9 boby, voda), 12 % marin\u00e1da (voda, fermentovan\u00e9 s\u00f3jov\u00e9 boby, fermentovan\u00e1 p\u0161enice \u2013 bez lepku, cukr, s\u016fl, r\u00fd\u017eov\u00fd ocet, \u0161krob, cibule, \u010desnek, z\u00e1zvor, ananasov\u00e9 pyr\u00e9)","packaging_image":4141,"nutritional_values":"<table class=\"nutritional-table\"><tbody><tr><th colspan=\"2\">V\u00fd\u017eivov\u00e9 \u00fadaje na 100 g<\/th><\/tr><tr><td>Energia<\/td><td>576 kJ\/ 138 kcal<\/td><\/tr><tr><td>Tuky<\/td><td>7,7 g<\/td><\/tr><tr><td>- z toho nas\u00fdten\u00e9 mastn\u00e9 kyseliny<\/td><td>1,2 g<\/td><\/tr><tr><td>Sacharidy<\/td><td>2,1 g<\/td><\/tr><tr><td>- z toho cukry<\/td><td>1,9 g<\/td><\/tr><tr><td>Vl\u00e1knina<\/td><td>2,2 g<\/td><\/tr><tr><td>Bielkoviny<\/td><td>14 g<\/td><\/tr><tr><td>So\u013e<\/td><td>1,1 g<\/td><\/tr><\/tbody><\/table>"},"product_benefits":{"benefit_image":3602,"benefit_1":"Dokonale vyv\u00e1\u017een\u00e1 chu\u0165","benefit_2":"Vyrobeno s l\u00e1skou","benefit_3":"P\u0159ipraven\u00e9 b\u011bhem n\u011bkolika minut","benefit_4":"Op\u00e9k\u00e1n\u00ed, grilov\u00e1n\u00ed, pe\u010den\u00ed"}},"_links":{"self":[{"href":"https:\/\/professional.lunter.com\/cz\/wp-json\/wp\/v2\/product\/4194","targetHints":{"allow":["GET"]}}],"collection":[{"href":"https:\/\/professional.lunter.com\/cz\/wp-json\/wp\/v2\/product"}],"about":[{"href":"https:\/\/professional.lunter.com\/cz\/wp-json\/wp\/v2\/types\/product"}],"wp:featuredmedia":[{"embeddable":true,"href":"https:\/\/professional.lunter.com\/cz\/wp-json\/wp\/v2\/media\/3825"}],"wp:attachment":[{"href":"https:\/\/professional.lunter.com\/cz\/wp-json\/wp\/v2\/media?parent=4194"}],"wp:term":[{"taxonomy":"product_type","embeddable":true,"href":"https:\/\/professional.lunter.com\/cz\/wp-json\/wp\/v2\/product_type?post=4194"}],"curies":[{"name":"wp","href":"https:\/\/api.w.org\/{rel}","templated":true}]}}