{"id":4197,"date":"2025-05-22T18:30:50","date_gmt":"2025-05-22T16:30:50","guid":{"rendered":"https:\/\/professional.lunter.com\/products\/french-spread-500\/"},"modified":"2025-05-30T13:12:51","modified_gmt":"2025-05-30T11:12:51","slug":"french-spread-500","status":"publish","type":"product","link":"https:\/\/professional.lunter.com\/cz\/produkty\/french-spread-500\/","title":{"rendered":"FRANCOUZSK\u00c1 POMAZ\u00c1NKA"},"content":{"rendered":"<p>Francouzsk\u00e1 pomaz\u00e1nka Lunter je na\u0161e prvn\u00ed tofu pomaz\u00e1nka, kter\u00e1 si z\u00edskala oblibu d\u00edky sv\u00e9 pln\u00e9, lahodn\u00e9 chuti a vysok\u00e9mu obsahu rostlinn\u00fdch b\u00edlkovin. Je ide\u00e1ln\u00ed na sendvi\u010de, sva\u010diny nebo jako dip k \u010derstv\u00e9 zelenin\u011b. Je chutn\u00e1, v\u00fd\u017eivn\u00e1 a od po\u010d\u00e1tku si na\u0161la pevn\u00e9 m\u00edsto mezi obl\u00edben\u00fdmi produkty na\u0161ich z\u00e1kazn\u00edk\u016f.<\/p>\n","protected":false},"featured_media":3855,"template":"","product_type":[247],"class_list":["post-4197","product","type-product","status-publish","has-post-thumbnail","hentry","product_type-pomazanky"],"acf":{"product_show_in_compact":"1","product_tagline":"Nat\u00edrejte s l\u00e1skou","products_weight":"500g","product_ornament_type":"brush_thin","product_ornament_color":"#6DB9C8","protein_amount":"","product_certificates":["ifs_food","brc","v_label_vegan","donau_soja"],"product_details":{"ingredients":"32 % tofu (s\u00f3jov\u00e9 boby, voda), voda, okara (voda, s\u00f3jov\u00e9 boby), 9 % cibule, 6 % dro\u017ed\u00ed (dro\u017ed\u00ed, je\u010dn\u00fd sladov\u00fd extrakt), \u0159epkov\u00fd olej, \u0161krob, ho\u0159\u010dice (voda, ho\u0159\u010di\u010dn\u00e9 semeno, ocet kvasn\u00fd lihov\u00fd, cukr, s\u016fl, ko\u0159en\u00ed), s\u016fl","packaging_image":3875,"nutritional_values":"<table class=\"nutritional-table\">\r\n<tbody>\r\n<tr>\r\n<th colspan=\"2\">V\u00fd\u017eivov\u00e9 \u00fadaje na 100 g<\/th>\r\n<\/tr>\r\n<tr>\r\n<td>Energia<\/td>\r\n<td>564 kJ\/ 136 kcal<\/td>\r\n<\/tr>\r\n<tr>\r\n<td>Tuky<\/td>\r\n<td>9,0 g<\/td>\r\n<\/tr>\r\n<tr>\r\n<td>- z toho nas\u00fdten\u00e9 mastn\u00e9 kyseliny<\/td>\r\n<td>0,8 g<\/td>\r\n<\/tr>\r\n<tr>\r\n<td>Sacharidy<\/td>\r\n<td>3,3 g<\/td>\r\n<\/tr>\r\n<tr>\r\n<td>- z toho cukry<\/td>\r\n<td>&lt;0,5 g<\/td>\r\n<\/tr>\r\n<tr>\r\n<td>Vl\u00e1knina<\/td>\r\n<td>3,8 g<\/td>\r\n<\/tr>\r\n<tr>\r\n<td>Bielkoviny<\/td>\r\n<td>8,5 g<\/td>\r\n<\/tr>\r\n<tr>\r\n<td>So\u013e<\/td>\r\n<td>1,1 g<\/td>\r\n<\/tr>\r\n<\/tbody>\r\n<\/table>"},"product_benefits":{"benefit_image":3487,"benefit_1":"Vyrobeno s l\u00e1skou","benefit_2":"Praktick\u00e9 balen\u00ed","benefit_3":"Dokonale vyv\u00e1\u017een\u00e1 chu\u0165","benefit_4":"Pouze p\u0159\u00edrodn\u00ed ingredience"}},"_links":{"self":[{"href":"https:\/\/professional.lunter.com\/cz\/wp-json\/wp\/v2\/product\/4197","targetHints":{"allow":["GET"]}}],"collection":[{"href":"https:\/\/professional.lunter.com\/cz\/wp-json\/wp\/v2\/product"}],"about":[{"href":"https:\/\/professional.lunter.com\/cz\/wp-json\/wp\/v2\/types\/product"}],"wp:featuredmedia":[{"embeddable":true,"href":"https:\/\/professional.lunter.com\/cz\/wp-json\/wp\/v2\/media\/3855"}],"wp:attachment":[{"href":"https:\/\/professional.lunter.com\/cz\/wp-json\/wp\/v2\/media?parent=4197"}],"wp:term":[{"taxonomy":"product_type","embeddable":true,"href":"https:\/\/professional.lunter.com\/cz\/wp-json\/wp\/v2\/product_type?post=4197"}],"curies":[{"name":"wp","href":"https:\/\/api.w.org\/{rel}","templated":true}]}}