{"id":4219,"date":"2025-05-22T18:30:50","date_gmt":"2025-05-22T16:30:50","guid":{"rendered":"https:\/\/professional.lunter.com\/products\/smoked-tofu-1000\/"},"modified":"2025-05-22T18:41:40","modified_gmt":"2025-05-22T16:41:40","slug":"smoked-tofu-1000","status":"publish","type":"product","link":"https:\/\/professional.lunter.com\/pl\/produkty\/smoked-tofu-1000\/","title":{"rendered":"W\u0118DZONE TOFU"},"content":{"rendered":"<p>Lunter Tofu W\u0119dzone to produkt o wyrazistym, naturalnym smaku, uzyskanym dzi\u0119ki starannemu w\u0119dzeniu na drewnie bukowym, bez sztucznych dodatk\u00f3w. Wszechstronne zastosowanie pozwala na wykorzystanie go zar\u00f3wno w kuchni na ciep\u0142o, jak i na zimno \u2013 idealne do kanapek, curry, wegetaria\u0144skiego chilli sin carne oraz panierowane i sma\u017cone jak kotlet. Produkt bogaty w bia\u0142ko ro\u015blinne, wolny od cholesterolu i w 100% ro\u015blinny. Praktyczne rozwi\u0105zanie do codziennego gotowania z pe\u0142nym, naturalnym smakiem.<\/p>\n","protected":false},"featured_media":3812,"template":"","product_type":[170],"class_list":["post-4219","product","type-product","status-publish","has-post-thumbnail","hentry","product_type-tofu-pl"],"acf":{"product_show_in_compact":"1","product_tagline":"Starannie w\u0119dzone na drewnie bukowym.","products_weight":"1000g","product_ornament_type":"cube","product_ornament_color":"#A77361","protein_amount":"","product_certificates":["ifs_food","brc","v_label_vegan","donau_soja"],"product_details":{"ingredients":"57 % nasiona soi, woda, s\u00f3l; dym z drewna bukowego.","packaging_image":4158,"nutritional_values":"<table class=\"nutritional-table\"><tbody><tr><th colspan=\"2\">Warto\u015b\u0107 od\u017cywcza na 100 g<\/th><\/tr><tr><td>Warto\u015b\u0107 energetyczna<\/td><td>610 kJ\/ 146 kcal<\/td><\/tr><tr><td>T\u0142uszcz<\/td><td>8,5 g<\/td><\/tr><tr><td>w tym kwasy t\u0142uszczowe nasycone<\/td><td>1,3 g<\/td><\/tr><tr><td>W\u0119glowodany<\/td><td>1,9 g<\/td><\/tr><tr><td>w tym cukry<\/td><td>0,5 g<\/td><\/tr><tr><td>B\u0142onnik<\/td><td>1,0 g<\/td><\/tr><tr><td>Bia\u0142ko<\/td><td>15 g<\/td><\/tr><tr><td>S\u00f3l<\/td><td>0,90 g<\/td><\/tr><\/tbody><\/table>"},"product_benefits":{"benefit_image":3615,"benefit_1":"Zakorzenione w tradycji","benefit_2":"Tworzone z mi\u0142o\u015bci\u0105","benefit_3":"Inspiruje do kreatywnych rozwi\u0105za\u0144","benefit_4":"Naturalnie pe\u0142nowarto\u015bciowe"}},"_links":{"self":[{"href":"https:\/\/professional.lunter.com\/pl\/wp-json\/wp\/v2\/product\/4219","targetHints":{"allow":["GET"]}}],"collection":[{"href":"https:\/\/professional.lunter.com\/pl\/wp-json\/wp\/v2\/product"}],"about":[{"href":"https:\/\/professional.lunter.com\/pl\/wp-json\/wp\/v2\/types\/product"}],"wp:featuredmedia":[{"embeddable":true,"href":"https:\/\/professional.lunter.com\/pl\/wp-json\/wp\/v2\/media\/3812"}],"wp:attachment":[{"href":"https:\/\/professional.lunter.com\/pl\/wp-json\/wp\/v2\/media?parent=4219"}],"wp:term":[{"taxonomy":"product_type","embeddable":true,"href":"https:\/\/professional.lunter.com\/pl\/wp-json\/wp\/v2\/product_type?post=4219"}],"curies":[{"name":"wp","href":"https:\/\/api.w.org\/{rel}","templated":true}]}}