{"id":4222,"date":"2025-05-22T18:30:50","date_gmt":"2025-05-22T16:30:50","guid":{"rendered":"https:\/\/professional.lunter.com\/products\/marinated-tofu-teriyaki-1000\/"},"modified":"2025-05-22T18:41:40","modified_gmt":"2025-05-22T16:41:40","slug":"marinated-tofu-teriyaki-1000","status":"publish","type":"product","link":"https:\/\/professional.lunter.com\/pl\/produkty\/marinated-tofu-teriyaki-1000\/","title":{"rendered":"MARYNOWANE TOFU TERIYAKI"},"content":{"rendered":"<p>Lunter Tofu Teriyaki inspirowane tradycyjn\u0105 kuchni\u0105 japo\u0144sk\u0105, marynowane w delikatnie s\u0142odko-s\u0142onym sosie teriyaki. Harmonijnie zbalansowany smak nadaje autentyczny charakter potrawom, takim jak stir-fry, dania z ry\u017cem czy z woka. Doskonale sprawdza si\u0119 tak\u017ce na grillu lub w szybkim podsma\u017ceniu na patelni. Produkt w 100% ro\u015blinny, bez cholesterolu, bogaty w bia\u0142ko ro\u015blinne, wyprodukowany z niemodyfikowanej soi pochodz\u0105cej z Europy. Idealne po\u0142\u0105czenie smaku, jako\u015bci i inspiracji kuchni\u0105 japo\u0144sk\u0105 \u2014 praktyczne rozwi\u0105zanie na szybkie, po\u017cywne i bezkompromisowe gotowanie.<\/p>\n","protected":false},"featured_media":3827,"template":"","product_type":[170],"class_list":["post-4222","product","type-product","status-publish","has-post-thumbnail","hentry","product_type-tofu-pl"],"acf":{"product_show_in_compact":"1","product_tagline":"Autentyczny smak w ka\u017cdym k\u0119sie.","products_weight":"1000g","product_ornament_type":"splash","product_ornament_color":"#8378B4","protein_amount":"","product_certificates":["ifs_food","brc","v_label_vegan","donau_soja"],"product_details":{"ingredients":"88 % tofu (57 % nasiona soi, woda), 12 % marynata (woda, fermentowane nasiona soi, fermentowane nasiona pszenicy \u2013 nie zawiera glutenu, cukier, s\u00f3l, ocet ry\u017cowy, skrobia, cebula, czosnek, imbir, przecier ananasowy).","packaging_image":4143,"nutritional_values":"<table class=\"nutritional-table\"><tbody><tr><th colspan=\"2\">Warto\u015b\u0107 od\u017cywcza na 100 g<\/th><\/tr><tr><td>Warto\u015b\u0107 energetyczna<\/td><td>576 kJ\/ 138 kcal<\/td><\/tr><tr><td>T\u0142uszcz<\/td><td>7,7 g<\/td><\/tr><tr><td>w tym kwasy t\u0142uszczowe nasycone<\/td><td>1,2 g<\/td><\/tr><tr><td>W\u0119glowodany<\/td><td>2,1 g<\/td><\/tr><tr><td>w tym cukry<\/td><td>1,9 g<\/td><\/tr><tr><td>B\u0142onnik<\/td><td>2,2 g<\/td><\/tr><tr><td>Bia\u0142ko<\/td><td>14 g<\/td><\/tr><tr><td>S\u00f3l<\/td><td>1,1 g<\/td><\/tr><\/tbody><\/table>"},"product_benefits":{"benefit_image":3605,"benefit_1":"Idealnie zbalansowany smak","benefit_2":"Tworzone z mi\u0142o\u015bci\u0105","benefit_3":"Inspiruje do kreatywnych rozwi\u0105za\u0144","benefit_4":"Stworzone do sma\u017cenia"}},"_links":{"self":[{"href":"https:\/\/professional.lunter.com\/pl\/wp-json\/wp\/v2\/product\/4222","targetHints":{"allow":["GET"]}}],"collection":[{"href":"https:\/\/professional.lunter.com\/pl\/wp-json\/wp\/v2\/product"}],"about":[{"href":"https:\/\/professional.lunter.com\/pl\/wp-json\/wp\/v2\/types\/product"}],"wp:featuredmedia":[{"embeddable":true,"href":"https:\/\/professional.lunter.com\/pl\/wp-json\/wp\/v2\/media\/3827"}],"wp:attachment":[{"href":"https:\/\/professional.lunter.com\/pl\/wp-json\/wp\/v2\/media?parent=4222"}],"wp:term":[{"taxonomy":"product_type","embeddable":true,"href":"https:\/\/professional.lunter.com\/pl\/wp-json\/wp\/v2\/product_type?post=4222"}],"curies":[{"name":"wp","href":"https:\/\/api.w.org\/{rel}","templated":true}]}}