{"id":4223,"date":"2025-05-22T18:30:50","date_gmt":"2025-05-22T16:30:50","guid":{"rendered":"https:\/\/professional.lunter.com\/products\/crackling-spread-500\/"},"modified":"2025-05-22T18:41:40","modified_gmt":"2025-05-22T16:41:40","slug":"crackling-spread-500","status":"publish","type":"product","link":"https:\/\/professional.lunter.com\/pl\/produkty\/crackling-spread-500\/","title":{"rendered":"PASTA Z TOFU SMALCZYK Z CEBULK\u0104"},"content":{"rendered":"<p>Pasta Lunter Smalczyk z cebulk\u0105 (Crackling Spread) od lat cieszy si\u0119 najwi\u0119kszym uznaniem w ofercie marki. Dzi\u0119ki bogatemu, wyrazistemu smakowi oraz g\u0142adkiej, kremowej konsystencji zdobywa sympati\u0119 nawet najbardziej wymagaj\u0105cych klient\u00f3w. Doskona\u0142a do pieczywa, krakers\u00f3w oraz jako dip do \u015bwie\u017cych warzyw. Produkt w 100% ro\u015blinny, po\u017cywny i wyj\u0105tkowo smaczny \u2014 idealna ro\u015blinna alternatywa dla mi\u0142o\u015bnik\u00f3w tradycyjnych smak\u00f3w.<\/p>\n","protected":false},"featured_media":3847,"template":"","product_type":[152],"class_list":["post-4223","product","type-product","status-publish","has-post-thumbnail","hentry","product_type-pasty-z-tofu"],"acf":{"product_show_in_compact":"1","product_tagline":"Z natury pyszne","products_weight":"500g","product_ornament_type":"brush_thin","product_ornament_color":"#C2A284","protein_amount":"","product_certificates":["ifs_food","brc","v_label_vegan","donau_soja"],"product_details":{"ingredients":"32 % tofu (nasiona soi, woda), woda, olej rzepakowy, 10 % sma\u017cona cebula (76 % cebula, olej rzepakowy, m\u0105ka pszenna, s\u00f3l), dro\u017cd\u017ce, skrobia, sos sojowy (woda, nasiona soi, pszenica, s\u00f3l), s\u00f3l, ocet jab\u0142kowy, stabilizator: pektyna. Mo\u017ce zawiera\u0107 gorczyc\u0119.","packaging_image":3867,"nutritional_values":"<table class=\"nutritional-table\"><tbody><tr><th colspan=\"2\">Warto\u015b\u0107 od\u017cywcza na 100 g:<\/th><\/tr><tr><td>Warto\u015b\u0107 energetyczna<\/td><td>1185 kJ\/ 287 kcal<\/td><\/tr><tr><td>T\u0142uszcz<\/td><td>25 g<\/td><\/tr><tr><td>w tym kwasy t\u0142uszczowe nasycone<\/td><td>1,8 g<\/td><\/tr><tr><td>W\u0119glowodany<\/td><td>5,8 g<\/td><\/tr><tr><td>w tym cukry<\/td><td>0,5 g<\/td><\/tr><tr><td>B\u0142onnik<\/td><td>3,0 g<\/td><\/tr><tr><td>Bia\u0142ko<\/td><td>8,1 g<\/td><\/tr><tr><td>S\u00f3l<\/td><td>1,1 g<\/td><\/tr><\/tbody><\/table>"},"product_benefits":{"benefit_image":3480,"benefit_1":"Wyprodukowane z mi\u0142o\u015bci\u0105","benefit_2":"Praktyczne opakowanie","benefit_3":"Doskonale wywa\u017cony smak","benefit_4":"Tylko naturalne sk\u0142adniki"}},"_links":{"self":[{"href":"https:\/\/professional.lunter.com\/pl\/wp-json\/wp\/v2\/product\/4223","targetHints":{"allow":["GET"]}}],"collection":[{"href":"https:\/\/professional.lunter.com\/pl\/wp-json\/wp\/v2\/product"}],"about":[{"href":"https:\/\/professional.lunter.com\/pl\/wp-json\/wp\/v2\/types\/product"}],"wp:featuredmedia":[{"embeddable":true,"href":"https:\/\/professional.lunter.com\/pl\/wp-json\/wp\/v2\/media\/3847"}],"wp:attachment":[{"href":"https:\/\/professional.lunter.com\/pl\/wp-json\/wp\/v2\/media?parent=4223"}],"wp:term":[{"taxonomy":"product_type","embeddable":true,"href":"https:\/\/professional.lunter.com\/pl\/wp-json\/wp\/v2\/product_type?post=4223"}],"curies":[{"name":"wp","href":"https:\/\/api.w.org\/{rel}","templated":true}]}}