{"id":4226,"date":"2025-05-22T18:30:50","date_gmt":"2025-05-22T16:30:50","guid":{"rendered":"https:\/\/professional.lunter.com\/products\/creme-de-tofu-500\/"},"modified":"2025-05-22T18:41:40","modified_gmt":"2025-05-22T16:41:40","slug":"creme-de-tofu-500","status":"publish","type":"product","link":"https:\/\/professional.lunter.com\/pl\/produkty\/creme-de-tofu-500\/","title":{"rendered":"CREME DE TOFU"},"content":{"rendered":"<p>Lunter Creme de Tofu to kremowy, wszechstronny sk\u0142adnik o wyj\u0105tkowym smaku, doskona\u0142y zar\u00f3wno do da\u0144 s\u0142odkich, jak i wytrawnych. Pozwala na \u0142atwe przygotowanie sernik\u00f3w, tiramisu, kremowych sos\u00f3w, a tak\u017ce domowych lod\u00f3w. Sprawdzi si\u0119 r\u00f3wnie\u017c jako baza do zup, wytrawnych ciast oraz nowych past. Niezliczone mo\u017cliwo\u015bci zastosowa\u0144 czyni\u0105 Creme de Tofu idealnym wyborem dla os\u00f3b ceni\u0105cych kreatywne gotowanie i pragn\u0105cych wzbogaci\u0107 swoje kulinarne inspiracje.<\/p>\n","protected":false},"featured_media":3852,"template":"","product_type":[343,152],"class_list":["post-4226","product","type-product","status-publish","has-post-thumbnail","hentry","product_type-basics-pl","product_type-pasty-z-tofu"],"acf":{"product_show_in_compact":"1","product_tagline":"Kremowa rewolucja w kuchni","products_weight":"500g","product_ornament_type":"brush_thin","product_ornament_color":"#93AAD6","protein_amount":"","product_certificates":["ifs_food","brc","v_label_vegan","donau_soja"],"product_details":{"ingredients":"nap\u00f3j sojowy (woda, nasiona soi), 23 % tofu (nasiona soi, woda), olej rzepakowy, olej shea, skrobia kukurydziana, s\u00f3l, sok cytrynowy z soku zag\u0119szczonego, woda, stabilizator: pektyna, suszone dro\u017cd\u017ce. Mo\u017ce zawiera\u0107 gorczyc\u0119.","packaging_image":3872,"nutritional_values":"<table class=\"nutritional-table\"><tbody><tr><th colspan=\"2\">Warto\u015b\u0107 od\u017cywcza na 100 g:<\/th><\/tr><tr><td>Warto\u015b\u0107 energetyczna<\/td><td>1191 kJ\/ 289 kcal<\/td><\/tr><tr><td>T\u0142uszcz<\/td><td>29,0 g<\/td><\/tr><tr><td>w tym kwasy t\u0142uszczowe nasycone<\/td><td>7,1 g<\/td><\/tr><tr><td>W\u0119glowodany<\/td><td>1,4 g<\/td><\/tr><tr><td>w tym cukry<\/td><td><0,5 g<\/td><\/tr><tr><td>B\u0142onnik<\/td><td>1,7 g<\/td><\/tr><tr><td>Bia\u0142ko<\/td><td>5,8 g<\/td><\/tr><tr><td>S\u00f3l<\/td><td>0,82 g<\/td><\/tr><\/tbody><\/table>"},"product_benefits":{"benefit_image":3485,"benefit_1":"Wyprodukowane z mi\u0142o\u015bci\u0105","benefit_2":"Praktyczne opakowanie","benefit_3":"Doskonale wywa\u017cony smak","benefit_4":"Tylko naturalne sk\u0142adniki"}},"_links":{"self":[{"href":"https:\/\/professional.lunter.com\/pl\/wp-json\/wp\/v2\/product\/4226","targetHints":{"allow":["GET"]}}],"collection":[{"href":"https:\/\/professional.lunter.com\/pl\/wp-json\/wp\/v2\/product"}],"about":[{"href":"https:\/\/professional.lunter.com\/pl\/wp-json\/wp\/v2\/types\/product"}],"wp:featuredmedia":[{"embeddable":true,"href":"https:\/\/professional.lunter.com\/pl\/wp-json\/wp\/v2\/media\/3852"}],"wp:attachment":[{"href":"https:\/\/professional.lunter.com\/pl\/wp-json\/wp\/v2\/media?parent=4226"}],"wp:term":[{"taxonomy":"product_type","embeddable":true,"href":"https:\/\/professional.lunter.com\/pl\/wp-json\/wp\/v2\/product_type?post=4226"}],"curies":[{"name":"wp","href":"https:\/\/api.w.org\/{rel}","templated":true}]}}