{"id":4228,"date":"2025-05-22T18:30:50","date_gmt":"2025-05-22T16:30:50","guid":{"rendered":"https:\/\/professional.lunter.com\/products\/soyannaise-500\/"},"modified":"2025-05-22T18:41:40","modified_gmt":"2025-05-22T16:41:40","slug":"soyannaise-500","status":"publish","type":"product","link":"https:\/\/professional.lunter.com\/pl\/produkty\/soyannaise-500\/","title":{"rendered":"SOYANNAISE"},"content":{"rendered":"<p>Lunter Soyannaise to ro\u015blinna alternatywa klasycznego majonezu \u2013 kremowa, pe\u0142na smaku i idealna do da\u0144 na zimno. Doskonale sprawdza si\u0119 w kanapkach, wrapach, sa\u0142atkach, burgerach ro\u015blinnych oraz na zimnych p\u00f3\u0142miskach. Mo\u017ce s\u0142u\u017cy\u0107 jako dodatek do ulubionych potraw lub baza do aromatycznych dip\u00f3w i sos\u00f3w. Niezale\u017cnie od okazji \u2013 od szybkiego lunchu po kulinarn\u0105 uczt\u0119 \u2013 Soyannaise nadaje daniom bogaty, kremowy smak bez jajek i nabia\u0142u. To uniwersalne rozwi\u0105zanie dla os\u00f3b poszukuj\u0105cych ro\u015blinnej, satysfakcjonuj\u0105cej alternatywy.<\/p>\n","protected":false},"featured_media":3842,"template":"","product_type":[343],"class_list":["post-4228","product","type-product","status-publish","has-post-thumbnail","hentry","product_type-basics-pl"],"acf":{"product_show_in_compact":"1","product_tagline":"Ro\u015blinne. Kremowe. Nie do pobicia.","products_weight":"500g","product_ornament_type":"brush_thin","product_ornament_color":"#9BDBE4","protein_amount":"","product_certificates":["ifs_food","v_label_vegan","donau_soja"],"product_details":{"ingredients":"44 % nap\u00f3j sojowy (woda, nasiona soi), olej rzepakowy, woda, skrobia kukurydziana, suszone dro\u017cd\u017ce, s\u00f3l, mieszanka suszonych warzyw i zi\u00f3\u0142, kwas (kwas cytrynowy). Mo\u017ce zawiera\u0107 gorczyc\u0119.","packaging_image":3922,"nutritional_values":"<table class=\"nutritional-table\"><tbody><tr><th colspan=\"2\">Warto\u015b\u0107 od\u017cywcza na 100 g:<\/th><\/tr><tr><td>Warto\u015b\u0107 energetyczna<\/td><td>1801 kJ\/ 438 kcal<\/td><\/tr><tr><td>T\u0142uszcz<\/td><td>46 g<\/td><\/tr><tr><td>w tym kwasy t\u0142uszczowe nasycone<\/td><td>3,3 g<\/td><\/tr><tr><td>W\u0119glowodany<\/td><td>2,3 g<\/td><\/tr><tr><td>w tym cukry<\/td><td><0,5 g<\/td><\/tr><tr><td>B\u0142onnik<\/td><td>1,7 g<\/td><\/tr><tr><td>Bia\u0142ko<\/td><td>2,2 g<\/td><\/tr><tr><td>S\u00f3l<\/td><td>0,90 g<\/td><\/tr><\/tbody><\/table>"},"product_benefits":{"benefit_image":3987,"benefit_1":"Naturalnie kremowa","benefit_2":"Ro\u015blinna przek\u0105ska","benefit_3":"Idealna do dressing\u00f3w i sa\u0142atek","benefit_4":"Tylko naturalne sk\u0142adniki"}},"_links":{"self":[{"href":"https:\/\/professional.lunter.com\/pl\/wp-json\/wp\/v2\/product\/4228","targetHints":{"allow":["GET"]}}],"collection":[{"href":"https:\/\/professional.lunter.com\/pl\/wp-json\/wp\/v2\/product"}],"about":[{"href":"https:\/\/professional.lunter.com\/pl\/wp-json\/wp\/v2\/types\/product"}],"wp:featuredmedia":[{"embeddable":true,"href":"https:\/\/professional.lunter.com\/pl\/wp-json\/wp\/v2\/media\/3842"}],"wp:attachment":[{"href":"https:\/\/professional.lunter.com\/pl\/wp-json\/wp\/v2\/media?parent=4228"}],"wp:term":[{"taxonomy":"product_type","embeddable":true,"href":"https:\/\/professional.lunter.com\/pl\/wp-json\/wp\/v2\/product_type?post=4228"}],"curies":[{"name":"wp","href":"https:\/\/api.w.org\/{rel}","templated":true}]}}