{"id":4230,"date":"2025-05-22T18:30:50","date_gmt":"2025-05-22T16:30:50","guid":{"rendered":"https:\/\/professional.lunter.com\/products\/okara-2500\/"},"modified":"2025-05-22T18:41:40","modified_gmt":"2025-05-22T16:41:40","slug":"okara-2500","status":"publish","type":"product","link":"https:\/\/professional.lunter.com\/pl\/produkty\/okara-2500\/","title":{"rendered":"OKARA"},"content":{"rendered":"<p>Okara to naturalny produkt uboczny powstaj\u0105cy podczas produkcji ro\u015blinnego napoju sojowego \u2014 bogaty w b\u0142onnik, bia\u0142ko i inne cenne sk\u0142adniki od\u017cywcze. Doskonale sprawdza si\u0119 jako dodatek do chleba, ciast, pierog\u00f3w, gnocchi czy smoothie, nadaj\u0105c potrawom lekk\u0105 struktur\u0119 i podnosz\u0105c ich warto\u015b\u0107 od\u017cywcz\u0105. Mo\u017ce r\u00f3wnie\u017c stanowi\u0107 baz\u0119 do ro\u015blinnych farszy i past. Uniwersalna, po\u017cywna i w 100% ro\u015blinna \u2014 to codzienne wsparcie w zdrowym, zr\u00f3wnowa\u017conym gotowaniu.<\/p>\n","protected":false},"featured_media":3797,"template":"","product_type":[343],"class_list":["post-4230","product","type-product","status-publish","has-post-thumbnail","hentry","product_type-basics-pl"],"acf":{"product_show_in_compact":"1","product_tagline":"Bogate \u017ar\u00f3d\u0142o sk\u0142adnik\u00f3w od\u017cywczych","products_weight":"2500g","product_ornament_type":"brush_thin","product_ornament_color":"#EFB3A9","protein_amount":"","product_certificates":["ifs_food","brc"],"product_details":{"ingredients":"Woda, 21% soja. Mo\u017ce zawiera\u0107 gorczyc\u0119.","packaging_image":3907,"nutritional_values":"<table class=\"nutritional-table\"><tbody><tr><th colspan=\"2\">Warto\u015bci od\u017cywcze na 100g<\/th><\/tr><tr><td>Energia<\/td><td>371 kJ\/90 kcal<\/td><\/tr><tr><td>T\u0142uszcz<\/td><td>3,5 g<\/td><\/tr><tr><td>\u2013 w tym kwasy t\u0142uszczowe nasycone<\/td><td>0,5 g<\/td><\/tr><tr><td>W\u0119glowodany<\/td><td>3,0 g<\/td><\/tr><tr><td>\u2013 w tym cukry<\/td><td>0,5 g<\/td><\/tr><tr><td>B\u0142onnik<\/td><td>10 g<\/td><\/tr><tr><td>Bia\u0142ko<\/td><td>6,5 g<\/td><\/tr><tr><td>S\u00f3l<\/td><td>0,10 g<\/td><\/tr><\/tbody><\/table>"},"product_benefits":{"benefit_image":3972,"benefit_1":"Pe\u0142na bia\u0142ka","benefit_2":"Bogata w b\u0142onnik i minera\u0142y","benefit_3":"Odpowiedzialnie pozyskany surowiec","benefit_4":"\u015awietna do pieczenia"}},"_links":{"self":[{"href":"https:\/\/professional.lunter.com\/pl\/wp-json\/wp\/v2\/product\/4230","targetHints":{"allow":["GET"]}}],"collection":[{"href":"https:\/\/professional.lunter.com\/pl\/wp-json\/wp\/v2\/product"}],"about":[{"href":"https:\/\/professional.lunter.com\/pl\/wp-json\/wp\/v2\/types\/product"}],"wp:featuredmedia":[{"embeddable":true,"href":"https:\/\/professional.lunter.com\/pl\/wp-json\/wp\/v2\/media\/3797"}],"wp:attachment":[{"href":"https:\/\/professional.lunter.com\/pl\/wp-json\/wp\/v2\/media?parent=4230"}],"wp:term":[{"taxonomy":"product_type","embeddable":true,"href":"https:\/\/professional.lunter.com\/pl\/wp-json\/wp\/v2\/product_type?post=4230"}],"curies":[{"name":"wp","href":"https:\/\/api.w.org\/{rel}","templated":true}]}}