{"id":4175,"date":"2025-05-22T18:30:50","date_gmt":"2025-05-22T16:30:50","guid":{"rendered":"https:\/\/professional.lunter.com\/products\/natural-tofu-1000\/"},"modified":"2025-05-22T18:33:58","modified_gmt":"2025-05-22T16:33:58","slug":"natural-tofu-1000","status":"publish","type":"product","link":"https:\/\/professional.lunter.com\/sk\/produkty\/natural-tofu-1000\/","title":{"rendered":"NATUR\u00c1LNE TOFU"},"content":{"rendered":"<p>Za\u010d\u00ednate s tofu a h\u013ead\u00e1te ide\u00e1lny produkt na prv\u00e9 recepty? Lunter natur\u00e1lne tofu je v\u00fdbornou vo\u013ebou. M\u00e1 \u010dist\u00e9 zlo\u017eenie bez pridan\u00fdch l\u00e1tok a neutr\u00e1lnu chu\u0165, v\u010faka \u010domu sa \u013eahko kombinuje s r\u00f4znymi surovinami. Vyu\u017eijete ho v slan\u00fdch aj sladk\u00fdch receptoch \u2013 na varenie, grilovanie, \u010di dokonca do kol\u00e1\u010dov. Je bohat\u00e9 na rastlinn\u00e9 bielkoviny, \u013eahko str\u00e1vite\u013en\u00e9 a pripraven\u00e9 na okam\u017eit\u00e9 pou\u017eitie. Natur\u00e1lne tofu je spo\u013eahliv\u00fd z\u00e1klad pre ka\u017ed\u00e9 kreat\u00edvne varenie.<\/p>\n","protected":false},"featured_media":3808,"template":"","product_type":[169],"class_list":["post-4175","product","type-product","status-publish","has-post-thumbnail","hentry","product_type-tofu-sk"],"acf":{"product_show_in_compact":"1","product_tagline":"","products_weight":"1000g","product_ornament_type":"cube","product_ornament_color":"#EAA155","protein_amount":"","product_certificates":["ifs_food","brc","v_label_vegan","donau_soja"],"product_details":{"ingredients":"57 % s\u00f3jov\u00e9 b\u00f4by, voda","packaging_image":4149,"nutritional_values":"<table class=\"nutritional-table\"><tbody><tr><th colspan=\"2\">V\u00fd\u017eivov\u00e9 \u00fadaje na 100 g:<\/th><\/tr><tr><td>Energia<\/td><td>608 kJ\/ 146 kcal<\/td><\/tr><tr><td>Tuky<\/td><td>8,5 g<\/td><\/tr><tr><td>- z toho nas\u00fdten\u00e9 mastn\u00e9 kyseliny<\/td><td>1,3 g<\/td><\/tr><tr><td>Sacharidy<\/td><td>1,8 g<\/td><\/tr><tr><td>- z toho cukry<\/td><td>0,5 g<\/td><\/tr><tr><td>Vl\u00e1knina<\/td><td>1,0 g<\/td><\/tr><tr><td>Bielkoviny<\/td><td>15 g<\/td><\/tr><tr><td>So\u013e<\/td><td>0,03 g<\/td><\/tr><\/tbody><\/table>"},"product_benefits":{"benefit_image":3611,"benefit_1":"Tradi\u010dn\u00fd sp\u00f4sob v\u00fdroby","benefit_2":"Vyroben\u00e9 na Slovensku","benefit_3":"Popusti uzdu svojej kreativite","benefit_4":"\u010cist\u00e9 a kvalitn\u00e9 ingrediencie"}},"_links":{"self":[{"href":"https:\/\/professional.lunter.com\/sk\/wp-json\/wp\/v2\/product\/4175","targetHints":{"allow":["GET"]}}],"collection":[{"href":"https:\/\/professional.lunter.com\/sk\/wp-json\/wp\/v2\/product"}],"about":[{"href":"https:\/\/professional.lunter.com\/sk\/wp-json\/wp\/v2\/types\/product"}],"wp:featuredmedia":[{"embeddable":true,"href":"https:\/\/professional.lunter.com\/sk\/wp-json\/wp\/v2\/media\/3808"}],"wp:attachment":[{"href":"https:\/\/professional.lunter.com\/sk\/wp-json\/wp\/v2\/media?parent=4175"}],"wp:term":[{"taxonomy":"product_type","embeddable":true,"href":"https:\/\/professional.lunter.com\/sk\/wp-json\/wp\/v2\/product_type?post=4175"}],"curies":[{"name":"wp","href":"https:\/\/api.w.org\/{rel}","templated":true}]}}