{"id":4176,"date":"2025-05-22T18:30:50","date_gmt":"2025-05-22T16:30:50","guid":{"rendered":"https:\/\/professional.lunter.com\/products\/smoked-tofu-1000\/"},"modified":"2025-05-22T18:33:58","modified_gmt":"2025-05-22T16:33:58","slug":"smoked-tofu-1000","status":"publish","type":"product","link":"https:\/\/professional.lunter.com\/sk\/produkty\/smoked-tofu-1000\/","title":{"rendered":"\u00daDEN\u00c9 TOFU"},"content":{"rendered":"<p>H\u013ead\u00e1te v\u00fdrazn\u00fa \u00faden\u00fa chu\u0165 bez umel\u00fdch ar\u00f3m? Lunter \u00faden\u00e9 tofu je spr\u00e1vnou vo\u013ebou. Je poctivo \u00faden\u00e9 na bukovom dreve, bez kompromisov a pridan\u00fdch zbyto\u010dnost\u00ed. V\u010faka svojej univerz\u00e1lnosti je vhodn\u00e9 pre za\u010diato\u010dn\u00edkov aj sk\u00fasen\u00fdch kuch\u00e1rov. M\u00f4\u017eete ho pou\u017ei\u0165 v teplej aj studenej kuchyni. Jednoducho sa pripravuje a pon\u00faka \u0161irok\u00e9 mo\u017enosti vyu\u017eitia: nakr\u00e1jan\u00e9 do sendvi\u010da, natrhan\u00e9 do kar\u00ed, nadrven\u00e9 do rastlinn\u00e9ho \u201echilli sin carne\u201c \u010di obalen\u00e9 a ope\u010den\u00e9 na \u0161t\u00fdl rez\u0148a. Je prirodzene bohat\u00e9 na rastlinn\u00e9 bielkoviny, neobsahuje cholesterol a je 100 % rastlinn\u00e9. Praktick\u00e9 rie\u0161enie pre ka\u017edodenn\u00e9 varenie s plnou chu\u0165ou.<\/p>\n","protected":false},"featured_media":3813,"template":"","product_type":[169],"class_list":["post-4176","product","type-product","status-publish","has-post-thumbnail","hentry","product_type-tofu-sk"],"acf":{"product_show_in_compact":"1","product_tagline":"","products_weight":"1000g","product_ornament_type":"cube","product_ornament_color":"#A77361","protein_amount":"","product_certificates":["ifs_food","brc","v_label_vegan","donau_soja"],"product_details":{"ingredients":"57 % s\u00f3jov\u00e9 b\u00f4by, voda, so\u013e; dym z bukov\u00e9ho dreva","packaging_image":4159,"nutritional_values":"<table class=\"nutritional-table\"><tbody><tr><th colspan=\"2\">V\u00fd\u017eivov\u00e9 \u00fadaje na 100 g:<\/th><\/tr><tr><td>Energia<\/td><td>610 kJ\/ 146 kcal<\/td><\/tr><tr><td>Tuky<\/td><td>8,5 g<\/td><\/tr><tr><td>- z toho nas\u00fdten\u00e9 mastn\u00e9 kyseliny<\/td><td>1,3 g<\/td><\/tr><tr><td>Sacharidy<\/td><td>1,9 g<\/td><\/tr><tr><td>- z toho cukry<\/td><td>0,5 g<\/td><\/tr><tr><td>Vl\u00e1knina<\/td><td>1,0 g<\/td><\/tr><tr><td>Bielkoviny<\/td><td>15 g<\/td><\/tr><tr><td>So\u013e<\/td><td>0,90 g<\/td><\/tr><\/tbody><\/table>"},"product_benefits":{"benefit_image":3616,"benefit_1":"Tradi\u010dn\u00fd sp\u00f4sob v\u00fdroby","benefit_2":"Vyroben\u00e9 na Slovensku","benefit_3":"Popusti uzdu svojej kreativite","benefit_4":"\u010cist\u00e9 a kvalitn\u00e9 ingrediencie"}},"_links":{"self":[{"href":"https:\/\/professional.lunter.com\/sk\/wp-json\/wp\/v2\/product\/4176","targetHints":{"allow":["GET"]}}],"collection":[{"href":"https:\/\/professional.lunter.com\/sk\/wp-json\/wp\/v2\/product"}],"about":[{"href":"https:\/\/professional.lunter.com\/sk\/wp-json\/wp\/v2\/types\/product"}],"wp:featuredmedia":[{"embeddable":true,"href":"https:\/\/professional.lunter.com\/sk\/wp-json\/wp\/v2\/media\/3813"}],"wp:attachment":[{"href":"https:\/\/professional.lunter.com\/sk\/wp-json\/wp\/v2\/media?parent=4176"}],"wp:term":[{"taxonomy":"product_type","embeddable":true,"href":"https:\/\/professional.lunter.com\/sk\/wp-json\/wp\/v2\/product_type?post=4176"}],"curies":[{"name":"wp","href":"https:\/\/api.w.org\/{rel}","templated":true}]}}