{"id":4180,"date":"2025-05-22T18:30:50","date_gmt":"2025-05-22T16:30:50","guid":{"rendered":"https:\/\/professional.lunter.com\/products\/crackling-spread-500\/"},"modified":"2025-05-22T18:33:58","modified_gmt":"2025-05-22T16:33:58","slug":"crackling-spread-500","status":"publish","type":"product","link":"https:\/\/professional.lunter.com\/sk\/produkty\/crackling-spread-500\/","title":{"rendered":"\u0160QVARKOV\u00c1 N\u00c1TIERKA"},"content":{"rendered":"<p>Lunter \u0160qvarkov\u00e1 n\u00e1tierka je dlhodobo najob\u013e\u00fabenej\u0161\u00edm produktom v na\u0161om sortimente. V\u010faka bohatej, v\u00fdraznej chuti a jemnej kr\u00e9movej konzistencii si ju ob\u013e\u00fabia aj t\u00ed najn\u00e1ro\u010dnej\u0161\u00ed. Ide\u00e1lna na pe\u010divo, krekry \u010di ako dip k \u010derstvej zelenine. Je 100 % rastlinn\u00e1, v\u00fd\u017eivn\u00e1 a mimoriadne lahodn\u00e1 \u2013 skvel\u00e1 vo\u013eba pre ka\u017ed\u00e9ho, kto h\u013ead\u00e1 rastlinn\u00fa alternat\u00edvu a nechce sa vzda\u0165 tradi\u010dn\u00fdch chut\u00ed.<\/p>\n","protected":false},"featured_media":3848,"template":"","product_type":[153],"class_list":["post-4180","product","type-product","status-publish","has-post-thumbnail","hentry","product_type-natierky"],"acf":{"product_show_in_compact":"1","product_tagline":"","products_weight":"500g","product_ornament_type":"brush_thin","product_ornament_color":"#C2A284","protein_amount":"","product_certificates":["ifs_food","brc","v_label_vegan","donau_soja"],"product_details":{"ingredients":"32 % tofu (s\u00f3jov\u00e9 b\u00f4by, voda), voda, repkov\u00fd olej, 10 % opra\u017een\u00e1 cibu\u013ea (76 % cibu\u013ea, repkov\u00fd olej, p\u0161eni\u010dn\u00e1 m\u00faka, so\u013e), dro\u017edie, \u0161krob, s\u00f3jov\u00e1 om\u00e1\u010dka (voda, s\u00f3jov\u00e9 b\u00f4by, p\u0161enica, so\u013e), so\u013e, jabl\u010dn\u00fd ocot, stabiliz\u00e1tor: pekt\u00edn. M\u00f4\u017ee obsahova\u0165 hor\u010dicu.","packaging_image":3868,"nutritional_values":"<table class=\"nutritional-table\"><tbody><tr><th colspan=\"2\">V\u00fd\u017eivov\u00e9 \u00fadaje na 100 g:<\/th><\/tr><tr><td>Energia<\/td><td>1185 kJ\/ 287 kcal<\/td><\/tr><tr><td>Tuky<\/td><td>25 g<\/td><\/tr><tr><td>- z toho nas\u00fdten\u00e9 mastn\u00e9 kyseliny<\/td><td>1,8 g<\/td><\/tr><tr><td>Sacharidy<\/td><td>5,8 g<\/td><\/tr><tr><td>- z toho cukry<\/td><td>0,5 g<\/td><\/tr><tr><td>Vl\u00e1knina<\/td><td>3,0 g<\/td><\/tr><tr><td>Bielkoviny<\/td><td>8,1 g<\/td><\/tr><tr><td>So\u013e<\/td><td>1,1 g<\/td><\/tr><\/tbody><\/table>"},"product_benefits":{"benefit_image":3481,"benefit_1":"Vyroben\u00e9 s l\u00e1skou","benefit_2":"Praktick\u00e9 balenie","benefit_3":"Dokonale vyv\u00e1\u017een\u00e1 chu\u0165","benefit_4":"Len pr\u00edrodn\u00e9 ingrediencie"}},"_links":{"self":[{"href":"https:\/\/professional.lunter.com\/sk\/wp-json\/wp\/v2\/product\/4180","targetHints":{"allow":["GET"]}}],"collection":[{"href":"https:\/\/professional.lunter.com\/sk\/wp-json\/wp\/v2\/product"}],"about":[{"href":"https:\/\/professional.lunter.com\/sk\/wp-json\/wp\/v2\/types\/product"}],"wp:featuredmedia":[{"embeddable":true,"href":"https:\/\/professional.lunter.com\/sk\/wp-json\/wp\/v2\/media\/3848"}],"wp:attachment":[{"href":"https:\/\/professional.lunter.com\/sk\/wp-json\/wp\/v2\/media?parent=4180"}],"wp:term":[{"taxonomy":"product_type","embeddable":true,"href":"https:\/\/professional.lunter.com\/sk\/wp-json\/wp\/v2\/product_type?post=4180"}],"curies":[{"name":"wp","href":"https:\/\/api.w.org\/{rel}","templated":true}]}}