{"id":4181,"date":"2025-05-22T18:30:50","date_gmt":"2025-05-22T16:30:50","guid":{"rendered":"https:\/\/professional.lunter.com\/products\/mexican-spread-500\/"},"modified":"2025-05-22T18:33:58","modified_gmt":"2025-05-22T16:33:58","slug":"mexican-spread-500","status":"publish","type":"product","link":"https:\/\/professional.lunter.com\/sk\/produkty\/mexican-spread-500\/","title":{"rendered":"MEXICK\u00c1 N\u00c1TIERKA"},"content":{"rendered":"<p>Fiesta pre va\u0161e chu\u0165ov\u00e9 poh\u00e1riky! Lunter Mexick\u00e1 n\u00e1tierka je jedn\u00fdm z na\u0161ich najob\u013e\u00fabenej\u0161\u00edch produktov, v\u010faka svojej jemne pikantnej chili chuti, ktor\u00e1 prin\u00e1\u0161a prav\u00fa mexick\u00fa atmosf\u00e9ru. Dod\u00e1 v\u00e1\u0161mu jedlu ten spr\u00e1vny \u0161mrnc \u2013 sta\u010d\u00ed ju natrie\u0165 na pe\u010divo, krekry alebo si ju vychutna\u0165 rovno z obalu. R\u00fdchla, chutn\u00e1 a pln\u00e1 energie, ide\u00e1lna na ka\u017edodenn\u00e9 chv\u00edle, ktor\u00e9 potrebuj\u00fa trochu viac dynamiky.<\/p>\n","protected":false},"featured_media":3863,"template":"","product_type":[153],"class_list":["post-4181","product","type-product","status-publish","has-post-thumbnail","hentry","product_type-natierky"],"acf":{"product_show_in_compact":"1","product_tagline":"","products_weight":"500g","product_ornament_type":"brush_thin","product_ornament_color":"#EC9483","protein_amount":"","product_certificates":["ifs_food","brc","v_label_vegan","donau_soja"],"product_details":{"ingredients":"voda, 32 % tofu (s\u00f3jov\u00e9 b\u00f4by, voda), repkov\u00fd olej, okara (voda, s\u00f3jov\u00e9 b\u00f4by), su\u0161en\u00e9 potravin\u00e1rske dro\u017edie, kukuri\u010dn\u00fd \u0161krob, cibu\u013ea, 1,7 % paprikov\u00e9 vlo\u010dky \u010derven\u00e9 a zelen\u00e9, so\u013e, zmes koren\u00edn, 0,3 % \u010dili. M\u00f4\u017ee obsahova\u0165 hor\u010dicu.","packaging_image":3898,"nutritional_values":"<table class=\"nutritional-table\"><tbody><tr><th colspan=\"2\">V\u00fd\u017eivov\u00e9 \u00fadaje na 100 g<\/th><\/tr><tr><td>Energia<\/td><td>729 kJ\/ 176 kcal<\/td><\/tr><tr><td>Tuky<\/td><td>13 g<\/td><\/tr><tr><td>- z toho nas\u00fdten\u00e9 mastn\u00e9 kyseliny<\/td><td>1,1 g<\/td><\/tr><tr><td>Sacharidy<\/td><td>6,5 g<\/td><\/tr><tr><td>- z toho cukry<\/td><td>0,7 g<\/td><\/tr><tr><td>Vl\u00e1knina<\/td><td>2,3 g<\/td><\/tr><tr><td>Bielkoviny<\/td><td>7,0 g<\/td><\/tr><tr><td>So\u013e<\/td><td>1,3 g<\/td><\/tr><\/tbody><\/table>"},"product_benefits":{"benefit_image":3501,"benefit_1":"Vyroben\u00e9 s l\u00e1skou","benefit_2":"Praktick\u00e9 balenie","benefit_3":"Dokonale vyv\u00e1\u017een\u00e1 chu\u0165","benefit_4":"Len pr\u00edrodn\u00e9 ingrediencie"}},"_links":{"self":[{"href":"https:\/\/professional.lunter.com\/sk\/wp-json\/wp\/v2\/product\/4181","targetHints":{"allow":["GET"]}}],"collection":[{"href":"https:\/\/professional.lunter.com\/sk\/wp-json\/wp\/v2\/product"}],"about":[{"href":"https:\/\/professional.lunter.com\/sk\/wp-json\/wp\/v2\/types\/product"}],"wp:featuredmedia":[{"embeddable":true,"href":"https:\/\/professional.lunter.com\/sk\/wp-json\/wp\/v2\/media\/3863"}],"wp:attachment":[{"href":"https:\/\/professional.lunter.com\/sk\/wp-json\/wp\/v2\/media?parent=4181"}],"wp:term":[{"taxonomy":"product_type","embeddable":true,"href":"https:\/\/professional.lunter.com\/sk\/wp-json\/wp\/v2\/product_type?post=4181"}],"curies":[{"name":"wp","href":"https:\/\/api.w.org\/{rel}","templated":true}]}}