{"id":4182,"date":"2025-05-22T18:30:50","date_gmt":"2025-05-22T16:30:50","guid":{"rendered":"https:\/\/professional.lunter.com\/products\/french-spread-500\/"},"modified":"2025-05-30T13:12:06","modified_gmt":"2025-05-30T11:12:06","slug":"french-spread-500","status":"publish","type":"product","link":"https:\/\/professional.lunter.com\/sk\/produkty\/french-spread-500\/","title":{"rendered":"FRANC\u00daZSKA N\u00c1TIERKA"},"content":{"rendered":"<p>Lunter Franc\u00fazska n\u00e1tierka je na\u0161ou prvou tofu n\u00e1tierkou a z\u00edskala si ob\u013eubu v\u010faka svojej plnej, lahodnej chuti a vysok\u00e9mu obsahu rastlinn\u00fdch bielkov\u00edn. Ide\u00e1lna do sendvi\u010dov, na snacky alebo ako dip k \u010derstvej zelenine. Je chutn\u00e1, v\u00fd\u017eivn\u00e1 a u\u017e od za\u010diatku si na\u0161la pevn\u00e9 miesto medzi ob\u013e\u00faben\u00fdmi produktmi na\u0161ich z\u00e1kazn\u00edkov.<\/p>\n","protected":false},"featured_media":3858,"template":"","product_type":[153],"class_list":["post-4182","product","type-product","status-publish","has-post-thumbnail","hentry","product_type-natierky"],"acf":{"product_show_in_compact":"1","product_tagline":"","products_weight":"500g","product_ornament_type":"brush_thin","product_ornament_color":"#6DB9C8","protein_amount":"","product_certificates":["ifs_food","brc","v_label_vegan","donau_soja"],"product_details":{"ingredients":"32 % tofu (s\u00f3jov\u00e9 b\u00f4by, voda), voda, okara (voda, s\u00f3jov\u00e9 b\u00f4by), 9 % cibu\u013ea, 6 % dro\u017edie (dro\u017edie, ja\u010dmenn\u00fd sladov\u00fd extrakt), repkov\u00fd olej, \u0161krob, hor\u010dica (voda, hor\u010di\u010dn\u00e9 semeno, ocot kvasn\u00fd liehov\u00fd, cukor, so\u013e, koreniny), so\u013e","packaging_image":3878,"nutritional_values":"<table class=\"nutritional-table\">\r\n<tbody>\r\n<tr>\r\n<th colspan=\"2\">V\u00fd\u017eivov\u00e9 \u00fadaje na 100 g<\/th>\r\n<\/tr>\r\n<tr>\r\n<td>Energia<\/td>\r\n<td>564 kJ\/ 136 kcal<\/td>\r\n<\/tr>\r\n<tr>\r\n<td>Tuky<\/td>\r\n<td>9,0 g<\/td>\r\n<\/tr>\r\n<tr>\r\n<td>- z toho nas\u00fdten\u00e9 mastn\u00e9 kyseliny<\/td>\r\n<td>0,8 g<\/td>\r\n<\/tr>\r\n<tr>\r\n<td>Sacharidy<\/td>\r\n<td>3,3 g<\/td>\r\n<\/tr>\r\n<tr>\r\n<td>- z toho cukry<\/td>\r\n<td>&lt;0,5 g<\/td>\r\n<\/tr>\r\n<tr>\r\n<td>Vl\u00e1knina<\/td>\r\n<td>3,8 g<\/td>\r\n<\/tr>\r\n<tr>\r\n<td>Bielkoviny<\/td>\r\n<td>8,5 g<\/td>\r\n<\/tr>\r\n<tr>\r\n<td>So\u013e<\/td>\r\n<td>1,1 g<\/td>\r\n<\/tr>\r\n<\/tbody>\r\n<\/table>"},"product_benefits":{"benefit_image":3491,"benefit_1":"Vyroben\u00e9 s l\u00e1skou","benefit_2":"Praktick\u00e9 balenie","benefit_3":"Dokonale vyv\u00e1\u017een\u00e1 chu\u0165","benefit_4":"Len pr\u00edrodn\u00e9 ingrediencie"}},"_links":{"self":[{"href":"https:\/\/professional.lunter.com\/sk\/wp-json\/wp\/v2\/product\/4182","targetHints":{"allow":["GET"]}}],"collection":[{"href":"https:\/\/professional.lunter.com\/sk\/wp-json\/wp\/v2\/product"}],"about":[{"href":"https:\/\/professional.lunter.com\/sk\/wp-json\/wp\/v2\/types\/product"}],"wp:featuredmedia":[{"embeddable":true,"href":"https:\/\/professional.lunter.com\/sk\/wp-json\/wp\/v2\/media\/3858"}],"wp:attachment":[{"href":"https:\/\/professional.lunter.com\/sk\/wp-json\/wp\/v2\/media?parent=4182"}],"wp:term":[{"taxonomy":"product_type","embeddable":true,"href":"https:\/\/professional.lunter.com\/sk\/wp-json\/wp\/v2\/product_type?post=4182"}],"curies":[{"name":"wp","href":"https:\/\/api.w.org\/{rel}","templated":true}]}}