{"id":4183,"date":"2025-05-22T18:30:50","date_gmt":"2025-05-22T16:30:50","guid":{"rendered":"https:\/\/professional.lunter.com\/products\/creme-de-tofu-500\/"},"modified":"2025-05-22T18:33:58","modified_gmt":"2025-05-22T16:33:58","slug":"creme-de-tofu-500","status":"publish","type":"product","link":"https:\/\/professional.lunter.com\/sk\/produkty\/creme-de-tofu-500\/","title":{"rendered":"CREME DE TOFU"},"content":{"rendered":"<p>Lunter Creme de Tofu je v\u00e1\u0161 nov\u00fd tajn\u00fd trik v kuchyni. Kr\u00e9mov\u00e9, v\u0161estrann\u00e9 a lahodn\u00e9 \u2013 ide\u00e1lne na sladk\u00e9 aj slan\u00e9 recepty. M\u00f4\u017eete ho vyu\u017ei\u0165 na pr\u00edpravu cheesecake, tiramisu, kr\u00e9mov\u00fdch om\u00e1\u010dok alebo dokonca na dom\u00e1cu zmrzlinu. Skvelo posl\u00fa\u017ei aj ako z\u00e1klad do polievok, slan\u00fdch kol\u00e1\u010dov alebo na tvorbu nov\u00fdch n\u00e1tierok. Mo\u017enosti s\u00fa neobmedzen\u00e9. Creme de Tofu je ide\u00e1lnou ingredienciou pre ka\u017ed\u00e9ho, kto miluje kreat\u00edvne varenie a chce posun\u00fa\u0165 svoje recepty na vy\u0161\u0161iu \u00farove\u0148.<\/p>\n","protected":false},"featured_media":3853,"template":"","product_type":[345,153],"class_list":["post-4183","product","type-product","status-publish","has-post-thumbnail","hentry","product_type-basics-sk","product_type-natierky"],"acf":{"product_show_in_compact":"1","product_tagline":"","products_weight":"500g","product_ornament_type":"brush_thin","product_ornament_color":"#93AAD6","protein_amount":"","product_certificates":["ifs_food","brc","v_label_vegan","donau_soja"],"product_details":{"ingredients":"s\u00f3jov\u00fd n\u00e1poj (voda, s\u00f3jov\u00e9 b\u00f4by), 23 % tofu (s\u00f3jov\u00e9 b\u00f4by, voda), repkov\u00fd olej, olej zo semien maslovn\u00edka, kukuri\u010dn\u00fd \u0161krob, so\u013e, citr\u00f3nov\u00e1 \u0161\u0165ava z koncentr\u00e1tu, voda, stabiliz\u00e1tor: pekt\u00edn, su\u0161en\u00e9 potravin\u00e1rske dro\u017edie. M\u00f4\u017ee obsahova\u0165 hor\u010dicu.","packaging_image":3873,"nutritional_values":"<table class=\"nutritional-table\"><tbody><tr><th colspan=\"2\">V\u00fd\u017eivov\u00e9 \u00fadaje na 100 g<\/th><\/tr><tr><td>Energia<\/td><td>1191 kJ\/ 289 kcal<\/td><\/tr><tr><td>Tuky<\/td><td>29,0 g<\/td><\/tr><tr><td>- z toho nas\u00fdten\u00e9 mastn\u00e9 kyseliny<\/td><td>7,1 g<\/td><\/tr><tr><td>Sacharidy<\/td><td>1,4 g<\/td><\/tr><tr><td>- z toho cukry<\/td><td><0,5 g<\/td><\/tr><tr><td>Vl\u00e1knina<\/td><td>1,7 g<\/td><\/tr><tr><td>Bielkoviny<\/td><td>5,8 g<\/td><\/tr><tr><td>So\u013e<\/td><td>0,82 g<\/td><\/tr><\/tbody><\/table>"},"product_benefits":{"benefit_image":3486,"benefit_1":"Vyroben\u00e9 s l\u00e1skou","benefit_2":"Praktick\u00e9 balenie","benefit_3":"Dokonale vyv\u00e1\u017een\u00e1 chu\u0165","benefit_4":"Len pr\u00edrodn\u00e9 ingrediencie"}},"_links":{"self":[{"href":"https:\/\/professional.lunter.com\/sk\/wp-json\/wp\/v2\/product\/4183","targetHints":{"allow":["GET"]}}],"collection":[{"href":"https:\/\/professional.lunter.com\/sk\/wp-json\/wp\/v2\/product"}],"about":[{"href":"https:\/\/professional.lunter.com\/sk\/wp-json\/wp\/v2\/types\/product"}],"wp:featuredmedia":[{"embeddable":true,"href":"https:\/\/professional.lunter.com\/sk\/wp-json\/wp\/v2\/media\/3853"}],"wp:attachment":[{"href":"https:\/\/professional.lunter.com\/sk\/wp-json\/wp\/v2\/media?parent=4183"}],"wp:term":[{"taxonomy":"product_type","embeddable":true,"href":"https:\/\/professional.lunter.com\/sk\/wp-json\/wp\/v2\/product_type?post=4183"}],"curies":[{"name":"wp","href":"https:\/\/api.w.org\/{rel}","templated":true}]}}