{"id":4186,"date":"2025-05-22T18:30:50","date_gmt":"2025-05-22T16:30:50","guid":{"rendered":"https:\/\/professional.lunter.com\/products\/tofu-no-egg-breakfast-500\/"},"modified":"2025-05-22T18:33:58","modified_gmt":"2025-05-22T16:33:58","slug":"tofu-no-egg-breakfast-500","status":"publish","type":"product","link":"https:\/\/professional.lunter.com\/sk\/produkty\/tofu-no-egg-breakfast-500\/","title":{"rendered":"TOFU NO-EGG BREAKFAST"},"content":{"rendered":"<p>Za\u010dnite r\u00e1no ra\u0148ajkami, ktor\u00e9 s\u00fa rovnako dynamick\u00e9 ako v\u00e1\u0161 de\u0148. Lunter Tofu No-Egg Breakfast je ide\u00e1lnym rie\u0161en\u00edm na plnohodnotn\u00e9 a chutn\u00e9 jedlo s minim\u00e1lnym \u00fasil\u00edm. Vyroben\u00e1 z n\u00e1\u0161ho kvalitn\u00e9ho tofu, je dokonale ochuten\u00e1, prin\u00e1\u0161aj\u00faca ob\u013e\u00faben\u00fa chu\u0165 pra\u017eenice, no bez vajec. Ale pre\u010do sa zastavi\u0165 len pri ra\u0148ajk\u00e1ch, ke\u010f m\u00f4\u017ee by\u0165 skvel\u00fdm z\u00e1kladom aj pre \u010fal\u0161ie kulin\u00e1rske dobrodru\u017estv\u00e1? Zaba\u013ete ju do tortilly pre prote\u00ednom nabit\u00fd wrap, pridajte k ope\u010denej ry\u017ei, alebo ju vyu\u017eite ako vrstvu do quiche-u, z ktor\u00e9ho si ka\u017ed\u00fd vyp\u00fdta e\u0161te dup\u013eu. Mo\u017enosti s\u00fa neobmedzen\u00e9, rovnako ako va\u0161a kreativita.<\/p>\n","protected":false},"featured_media":3833,"template":"","product_type":[148],"class_list":["post-4186","product","type-product","status-publish","has-post-thumbnail","hentry","product_type-quick-creations-sk"],"acf":{"product_show_in_compact":"1","product_tagline":"","products_weight":"500g","product_ornament_type":"brush_thin","product_ornament_color":"#F9D689","protein_amount":"","product_certificates":["ifs_food","brc","v_label_vegan"],"product_details":{"ingredients":"51 % tofu (s\u00f3jov\u00e9 b\u00f4by, voda), s\u00f3jov\u00fd n\u00e1poj (voda, s\u00f3jov\u00e9 b\u00f4by), 9 % cibu\u013ea, okara (voda, s\u00f3jov\u00e9 b\u00f4by), repkov\u00fd olej, su\u0161en\u00e9 potravin\u00e1rske dro\u017edie, so\u013e, 0,4 % su\u0161en\u00e1 cibu\u013ea, kukuri\u010dn\u00fd \u0161krob, cesnakov\u00fd pr\u00e1\u0161ok, koreniny. M\u00f4\u017ee obsahova\u0165 hor\u010dicu.","packaging_image":3928,"nutritional_values":"<table class=\"nutritional-table\"><tbody><tr><th colspan=\"2\">V\u00fd\u017eivov\u00e9 \u00fadaje na 100 g<\/th><\/tr><tr><td>Energia<\/td><td>610 kJ\/ 147 kcal<\/td><\/tr><tr><td>Tuky<\/td><td>9,6 g<\/td><\/tr><tr><td>- z toho nas\u00fdten\u00e9 mastn\u00e9 kyseliny<\/td><td>0,7 g<\/td><\/tr><tr><td>Sacharidy<\/td><td>1,9 g<\/td><\/tr><tr><td>- z toho cukry<\/td><td><0,5 g<\/td><\/tr><tr><td>Vl\u00e1knina<\/td><td>2,3 g<\/td><\/tr><tr><td>Bielkoviny<\/td><td>12 g<\/td><\/tr><tr><td>So\u013e<\/td><td>1,0 g<\/td><\/tr><\/tbody><\/table>"},"product_benefits":{"benefit_image":3993,"benefit_1":"Pripraven\u00e9 za p\u00e1r min\u00fat","benefit_2":"Dokonale vyv\u00e1\u017een\u00e1 chu\u0165","benefit_3":"Vyroben\u00e9 s l\u00e1skou","benefit_4":"Len pr\u00edrodn\u00e9 ingrediencie"}},"_links":{"self":[{"href":"https:\/\/professional.lunter.com\/sk\/wp-json\/wp\/v2\/product\/4186","targetHints":{"allow":["GET"]}}],"collection":[{"href":"https:\/\/professional.lunter.com\/sk\/wp-json\/wp\/v2\/product"}],"about":[{"href":"https:\/\/professional.lunter.com\/sk\/wp-json\/wp\/v2\/types\/product"}],"wp:featuredmedia":[{"embeddable":true,"href":"https:\/\/professional.lunter.com\/sk\/wp-json\/wp\/v2\/media\/3833"}],"wp:attachment":[{"href":"https:\/\/professional.lunter.com\/sk\/wp-json\/wp\/v2\/media?parent=4186"}],"wp:term":[{"taxonomy":"product_type","embeddable":true,"href":"https:\/\/professional.lunter.com\/sk\/wp-json\/wp\/v2\/product_type?post=4186"}],"curies":[{"name":"wp","href":"https:\/\/api.w.org\/{rel}","templated":true}]}}